{"id":32,"date":"2015-01-26T22:05:01","date_gmt":"2015-01-26T22:05:01","guid":{"rendered":"http:\/\/www.bio-3.com\/?page_id=32"},"modified":"2015-05-04T17:23:33","modified_gmt":"2015-05-04T17:23:33","slug":"flores-de-bach","status":"publish","type":"page","link":"https:\/\/www.bio-3.com\/?page_id=32","title":{"rendered":"Flores de Bach"},"content":{"rendered":"<div class=\"su-column su-column-size-1-2\"><div class=\"su-column-inner su-u-clearfix su-u-trim\">\n<p><em>\u201cLa enfermedad es en esencia el resultado de un conflicto entre el alma y la mente, y nunca podr\u00e1 ser erradicada sin un esfuerzo espiritual y mental\u201d<\/em><\/p>\n<p><em>&#8211; Dr. Edward Bach<\/em><\/p>\n<p>La terapia de las flores de Bach es uno de los fen\u00f3menos m\u00e1s interesantes de la medicina alternativa contempor\u00e1nea. La medicina tradicional dominada por la qu\u00edmica y la tecnolog\u00eda puede ser capaz de eliminar los s\u00edntomas de la enfermedad, pero no sus causas: aumenta el conflicto entre el alma y el cuerpo y la curaci\u00f3n se hace imposible.<\/p>\n<\/div><\/div>\n<div class=\"su-column su-column-size-1-2\"><div class=\"su-column-inner su-u-clearfix su-u-trim\">\n<a href=\"http:\/\/www.bio-3.com\/wp-content\/uploads\/2015\/05\/floresdebach1.jpg\"><img loading=\"lazy\" src=\"http:\/\/www.bio-3.com\/wp-content\/uploads\/2015\/05\/floresdebach1.jpg\" alt=\"floresdebach\" width=\"518\" height=\"345\" class=\"aligncenter size-full wp-image-199\" srcset=\"https:\/\/www.bio-3.com\/wp-content\/uploads\/2015\/05\/floresdebach1.jpg 518w, https:\/\/www.bio-3.com\/wp-content\/uploads\/2015\/05\/floresdebach1-300x200.jpg 300w\" sizes=\"(max-width: 518px) 100vw, 518px\" \/><\/a><br \/>\n<\/div><\/div>\n<p>El punto fuerte de la terapia de las flores radica en la normalizaci\u00f3n de los trastornos ps\u00edquicos y en la resoluci\u00f3n de los conflictos internos, as\u00ed como en la mejor\u00eda del dolor f\u00edsico con causas ps\u00edquicas reconciliables o s\u00edntomas concomitantes.<\/p>\n<h3>Algunas de sus m\u00faltiples aplicaciones:<\/h3>\n<div class=\"su-row\">\n<div class=\"su-column su-column-size-1-3\"><div class=\"su-column-inner su-u-clearfix su-u-trim\">\n<div class=\"su-list\" style=\"margin-left:0px\">\n<ul>\n<li><i class=\"sui sui-angle-double-right\" style=\"color:#12177c\"><\/i> Depresiones<\/li>\n<li><i class=\"sui sui-angle-double-right\" style=\"color:#12177c\"><\/i> Insomnio<\/li>\n<li><i class=\"sui sui-angle-double-right\" style=\"color:#12177c\"><\/i> Preocupaci\u00f3n<\/li>\n<li><i class=\"sui sui-angle-double-right\" style=\"color:#12177c\"><\/i> Ansiedad<\/li>\n<li><i class=\"sui sui-angle-double-right\" style=\"color:#12177c\"><\/i> Adicciones<\/li>\n<li><i class=\"sui sui-angle-double-right\" style=\"color:#12177c\"><\/i> Impotencia Sexual<\/li>\n<li><i class=\"sui sui-angle-double-right\" style=\"color:#12177c\"><\/i> Alergias<\/li>\n<\/ul>\n<\/div>\n<\/div><\/div>\n<div class=\"su-column su-column-size-1-3\"><div class=\"su-column-inner su-u-clearfix su-u-trim\">\n<div class=\"su-list\" style=\"margin-left:0px\">\n<ul>\n<li><i class=\"sui sui-angle-double-right\" style=\"color:#12177c\"><\/i> Asma<\/li>\n<li><i class=\"sui sui-angle-double-right\" style=\"color:#12177c\"><\/i> Acn\u00e9<\/li>\n<li><i class=\"sui sui-angle-double-right\" style=\"color:#12177c\"><\/i> Dolores de espalda y articulaciones<\/li>\n<li><i class=\"sui sui-angle-double-right\" style=\"color:#12177c\"><\/i> Gastritis<\/li>\n<li><i class=\"sui sui-angle-double-right\" style=\"color:#12177c\"><\/i> Menopausia<\/li>\n<li><i class=\"sui sui-angle-double-right\" style=\"color:#12177c\"><\/i> D\u00e9ficit de atenci\u00f3n<\/li>\n<li><i class=\"sui sui-angle-double-right\" style=\"color:#12177c\"><\/i> Estr\u00e9s<\/li>\n<\/ul>\n<\/div>\n<\/div><\/div>\n<div class=\"su-column su-column-size-1-3\"><div class=\"su-column-inner su-u-clearfix su-u-trim\">\n<div class=\"su-list\" style=\"margin-left:0px\">\n<ul>\n<li><i class=\"sui sui-angle-double-right\" style=\"color:#12177c\"><\/i> Hiperactividad<\/li>\n<li><i class=\"sui sui-angle-double-right\" style=\"color:#12177c\"><\/i> Duelos<\/li>\n<li><i class=\"sui sui-angle-double-right\" style=\"color:#12177c\"><\/i> Agotamiento f\u00edsico y mental<\/li>\n<li><i class=\"sui sui-angle-double-right\" style=\"color:#12177c\"><\/i> Miedos y enojos<\/li>\n<li><i class=\"sui sui-angle-double-right\" style=\"color:#12177c\"><\/i> Mareos<\/li>\n<li><i class=\"sui sui-angle-double-right\" style=\"color:#12177c\"><\/i> Fortalecer sistema inmune<\/li>\n<li><i class=\"sui sui-angle-double-right\" style=\"color:#12177c\"><\/i> Dermatitis<\/li>\n<\/ul>\n<\/div>\n<\/div><\/div>\n<\/div>\n<p>En <strong>BIO-3 INTEGRAL HEALTH<\/strong> con el sistema <strong>INDIGO<\/strong> de medicina cu\u00e1ntica, adem\u00e1s de detectar y corregir cualquier desequilibrio en el organismo, fortalecemos con el sistema Flores de Bach, ayudando al cuerpo a lograr el equilibrio en mente, cuerpo y alma.<\/p>\n","protected":false},"excerpt":{"rendered":"<p>El punto fuerte de la terapia de las flores radica en la normalizaci\u00f3n de los trastornos ps\u00edquicos y en la resoluci\u00f3n de los conflictos internos, as\u00ed como en la mejor\u00eda del dolor f\u00edsico con causas ps\u00edquicas reconciliables o s\u00edntomas concomitantes. Algunas de sus m\u00faltiples aplicaciones: En BIO-3 INTEGRAL HEALTH con el sistema INDIGO de medicina &hellip; <a href=\"https:\/\/www.bio-3.com\/?page_id=32\" class=\"more-link\">Sigue leyendo <span class=\"screen-reader-text\">Flores de Bach<\/span><\/a><\/p>\n","protected":false},"author":1,"featured_media":0,"parent":0,"menu_order":0,"comment_status":"open","ping_status":"open","template":"","meta":[],"_links":{"self":[{"href":"https:\/\/www.bio-3.com\/index.php?rest_route=\/wp\/v2\/pages\/32"}],"collection":[{"href":"https:\/\/www.bio-3.com\/index.php?rest_route=\/wp\/v2\/pages"}],"about":[{"href":"https:\/\/www.bio-3.com\/index.php?rest_route=\/wp\/v2\/types\/page"}],"author":[{"embeddable":true,"href":"https:\/\/www.bio-3.com\/index.php?rest_route=\/wp\/v2\/users\/1"}],"replies":[{"embeddable":true,"href":"https:\/\/www.bio-3.com\/index.php?rest_route=%2Fwp%2Fv2%2Fcomments&post=32"}],"version-history":[{"count":4,"href":"https:\/\/www.bio-3.com\/index.php?rest_route=\/wp\/v2\/pages\/32\/revisions"}],"predecessor-version":[{"id":201,"href":"https:\/\/www.bio-3.com\/index.php?rest_route=\/wp\/v2\/pages\/32\/revisions\/201"}],"wp:attachment":[{"href":"https:\/\/www.bio-3.com\/index.php?rest_route=%2Fwp%2Fv2%2Fmedia&parent=32"}],"curies":[{"name":"wp","href":"https:\/\/api.w.org\/{rel}","templated":true}]}}