{"id":22,"date":"2015-01-26T21:19:57","date_gmt":"2015-01-26T21:19:57","guid":{"rendered":"http:\/\/www.bio-3.com\/?page_id=22"},"modified":"2015-05-06T21:31:56","modified_gmt":"2015-05-06T21:31:56","slug":"terapias-sistema-indigo","status":"publish","type":"page","link":"https:\/\/www.bio-3.com\/?page_id=22","title":{"rendered":"Terapias Sistema Indigo"},"content":{"rendered":"<p><img loading=\"lazy\" class=\"aligncenter wp-image-236 size-full\" src=\"http:\/\/www.bio-3.com\/wp-content\/uploads\/2015\/01\/foto-indigo-pagina-.jpg\" alt=\"foto indigo pagina\" width=\"919\" height=\"400\" srcset=\"https:\/\/www.bio-3.com\/wp-content\/uploads\/2015\/01\/foto-indigo-pagina-.jpg 919w, https:\/\/www.bio-3.com\/wp-content\/uploads\/2015\/01\/foto-indigo-pagina--300x131.jpg 300w\" sizes=\"(max-width: 919px) 100vw, 919px\" \/><\/p>\n<h3>\u00bfComo funciona?<\/h3>\n<p>Al hablar de c\u00f3mo funciona el organismo es inevitable aceptar que su complejo funcionamiento est\u00e1 regido por electricidad y\/o energ\u00eda.<\/p>\n<p>El sistema <strong>INDIGO biofeedback<\/strong> es una herramienta de an\u00e1lisis y equilibrio que por medio de la lectura el\u00e9ctrica del cuerpo restaura y reestablece los flujos naturales del organismo.<\/p>\n<p>Es com\u00fan que por factores externos (estr\u00e9s) el cuerpo se vea afectado ocasionando diferentes estados de enfermedad. La finalidad de nuestro sistema es conocer y equilibrar los puntos que el organismo desee.<\/p>\n<p>Por medio de unos electrodos (arneses) conectados en tobillos, cabeza y mu\u00f1ecas el cuerpo es conectado al sistema (a una computadora) quienes realizaran el an\u00e1lisis detallado de la energ\u00eda del organismo.<\/p>\n<h5>Duraci\u00f3n Terapia: 1 hora<\/h5>\n<div class=\"su-spoiler su-spoiler-style-default su-spoiler-icon-plus su-spoiler-closed\" data-scroll-offset=\"0\" data-anchor-in-url=\"no\"><div class=\"su-spoiler-title\" tabindex=\"0\" role=\"button\"><span class=\"su-spoiler-icon\"><\/span>Explicaci\u00f3n mayor y detallada<\/div><div class=\"su-spoiler-content su-u-clearfix su-u-trim\">\n<p>Somos m\u00e1quinas de prote\u00ednas que alimentan y comunican por se\u00f1ales a nuestras c\u00e9lulas. Tenemos aproximadamente 150mil prote\u00ednas y 50 billones de c\u00e9lulas en nuestro cuerpo. Las prote\u00ednas son las que dan forma y estructura a la c\u00e9lula y dirigen casi todos los procesos vitales. Cualquier interferencia con estas se\u00f1ales (comunicaci\u00f3n) causan la enfermedad o desequilibrio.<\/p>\n<\/div><\/div>\n<h3>Existen 3 maneras de interrumpir estas se\u00f1ales:<\/h3>\n<div class=\"su-tabs su-tabs-style-default su-tabs-mobile-stack\" data-active=\"1\" data-scroll-offset=\"0\" data-anchor-in-url=\"no\"><div class=\"su-tabs-nav\"><span class=\"\" data-url=\"\" data-target=\"blank\" tabindex=\"0\" role=\"button\">TRAUMA<\/span><span class=\"\" data-url=\"\" data-target=\"blank\" tabindex=\"0\" role=\"button\">TOXINAS<\/span><span class=\"\" data-url=\"\" data-target=\"blank\" tabindex=\"0\" role=\"button\">MENTE<\/span><\/div><div class=\"su-tabs-panes\"><div class=\"su-tabs-pane su-u-clearfix su-u-trim\" data-title=\"TRAUMA\">\nCualquier evento que vivamos, por ejemplo; me ca\u00ed de las escaleras y tuve un fuerte golpe en la columna. Mi sistema nervioso recibe la falta de conductividad por el golpe y toda la comunicaci\u00f3n se ve afectada, por lo tanto se generan los dolores, inflamaciones, degeneraciones&#8230; El golpe provoca que se interrumpa la se\u00f1al correcta.<\/div>\n<div class=\"su-tabs-pane su-u-clearfix su-u-trim\" data-title=\"TOXINAS\">Estamos expuestos d\u00eda a d\u00eda una cantidad importante de toxinas. Hasta en los alimentos encontramos miles de ellas. Y podemos mencionar: medicamentos y vacunas (primer causa de enfermedad por toxicidad), contaminaci\u00f3n, fertilizantes, los celulares, computadoras, tabaco, alcohol, mal nutrici\u00f3n, etc&#8230;.Poco a poco el cuerpo se va llenando de toxinas contaminando al sistema, quien al verse superado por la toxicidad pues deja de enviar las se\u00f1ales correctas.<\/div>\n<div class=\"su-tabs-pane su-u-clearfix su-u-trim\" data-title=\"MENTE\">Es una realidad que el pensamiento mal enfocado enferma la estructura celular. Una mente en paz con pensamientos positivos crea armon\u00eda, estabilidad y salud. Pensamientos negativos crean enfermedades, estr\u00e9s y desequilibrio. Los pensamientos son se\u00f1ales que se env\u00edan a toda la estructura. Es solo decidir que se\u00f1al queremos enviar: salud o enfermedad. Todo organismo se comunica por electricidad que a su vez manda se\u00f1ales. Un cuerpo estresado, enfermo significa que en alguna parte de la cadena se rompi\u00f3 y se dej\u00f3 de enviar la comunicaci\u00f3n correcta.<\/div><\/div><\/div>\n<p>En <strong>BIO-3 INTEGRAL HEALTH<\/strong> por medio de la misma electricidad del cuerpo, diagnosticamos y equilibramos esas se\u00f1ales. Sea por trauma, toxicidad o emociones, se identifica en qu\u00e9 parte del organismo no est\u00e1 recibiendo la se\u00f1al correcta y as\u00ed, enviamos las frecuencias necesarias con la finalidad de sanar y equilibrar cualquier padecimiento.<\/p>\n","protected":false},"excerpt":{"rendered":"<p>\u00bfComo funciona? Al hablar de c\u00f3mo funciona el organismo es inevitable aceptar que su complejo funcionamiento est\u00e1 regido por electricidad y\/o energ\u00eda. El sistema INDIGO biofeedback es una herramienta de an\u00e1lisis y equilibrio que por medio de la lectura el\u00e9ctrica del cuerpo restaura y reestablece los flujos naturales del organismo. Es com\u00fan que por factores &hellip; <a href=\"https:\/\/www.bio-3.com\/?page_id=22\" class=\"more-link\">Sigue leyendo <span class=\"screen-reader-text\">Terapias Sistema Indigo<\/span><\/a><\/p>\n","protected":false},"author":1,"featured_media":0,"parent":0,"menu_order":0,"comment_status":"open","ping_status":"open","template":"","meta":[],"_links":{"self":[{"href":"https:\/\/www.bio-3.com\/index.php?rest_route=\/wp\/v2\/pages\/22"}],"collection":[{"href":"https:\/\/www.bio-3.com\/index.php?rest_route=\/wp\/v2\/pages"}],"about":[{"href":"https:\/\/www.bio-3.com\/index.php?rest_route=\/wp\/v2\/types\/page"}],"author":[{"embeddable":true,"href":"https:\/\/www.bio-3.com\/index.php?rest_route=\/wp\/v2\/users\/1"}],"replies":[{"embeddable":true,"href":"https:\/\/www.bio-3.com\/index.php?rest_route=%2Fwp%2Fv2%2Fcomments&post=22"}],"version-history":[{"count":15,"href":"https:\/\/www.bio-3.com\/index.php?rest_route=\/wp\/v2\/pages\/22\/revisions"}],"predecessor-version":[{"id":25,"href":"https:\/\/www.bio-3.com\/index.php?rest_route=\/wp\/v2\/pages\/22\/revisions\/25"}],"wp:attachment":[{"href":"https:\/\/www.bio-3.com\/index.php?rest_route=%2Fwp%2Fv2%2Fmedia&parent=22"}],"curies":[{"name":"wp","href":"https:\/\/api.w.org\/{rel}","templated":true}]}}