{"id":145,"date":"2015-05-02T17:55:41","date_gmt":"2015-05-02T17:55:41","guid":{"rendered":"http:\/\/www.bio-3.com\/?page_id=145"},"modified":"2021-02-18T16:53:16","modified_gmt":"2021-02-18T16:53:16","slug":"inicio","status":"publish","type":"page","link":"https:\/\/www.bio-3.com\/?page_id=145","title":{"rendered":"Nosotros"},"content":{"rendered":"<p>Somos una asociaci\u00f3n donde nuestro objetivo es ofrecer diversas alternativas para la salud integral <strong>(mente, cuerpo y alma)<\/strong>.<\/p>\n<h3>Estas alternativas la forman:<\/h3>\n<div class=\"su-list\" style=\"margin-left:0px\">\n<ul>\n<li><i class=\"sui sui-angle-double-right\" style=\"color:#12177c\"><\/i> Terapias con Sistema INDIGO biofeedback.<\/li>\n<li><i class=\"sui sui-angle-double-right\" style=\"color:#12177c\"><\/i> Terapias Flores de Bach.<\/li>\n<li><i class=\"sui sui-angle-double-right\" style=\"color:#12177c\"><\/i> Bio-resonancia.<\/li>\n<li><i class=\"sui sui-angle-double-right\" style=\"color:#12177c\"><\/i> Terapias con sistema Thetahealing.<\/li>\n<li><i class=\"sui sui-angle-double-right\" style=\"color:#12177c\"><\/i> Terapias con Sistema EDUCTOR<\/li>\n<li><i class=\"sui sui-angle-double-right\" style=\"color:#12177c\"><\/i> BIOMAGNETISMO<\/li>\n<\/ul>\n<\/div>\nAs\u00ed como tambi\u00e9n contamos con diversos productos que ayudan a mantener el cuerpo saludable y en equilibrio.<br \/>\nNuestro objetivo es promover cuerpo sano, con el poder de la autocuraci\u00f3n y recuperaci\u00f3n f\u00edsica, mental y emocional, no solamente la eliminaci\u00f3n de s\u00edntomas.<\/p>\n","protected":false},"excerpt":{"rendered":"<p>Somos una asociaci\u00f3n donde nuestro objetivo es ofrecer diversas alternativas para la salud integral (mente, cuerpo y alma). Estas alternativas la forman: As\u00ed como tambi\u00e9n contamos con diversos productos que ayudan a mantener el cuerpo saludable y en equilibrio. Nuestro objetivo es promover cuerpo sano, con el poder de la autocuraci\u00f3n y recuperaci\u00f3n f\u00edsica, mental &hellip; <a href=\"https:\/\/www.bio-3.com\/?page_id=145\" class=\"more-link\">Sigue leyendo <span class=\"screen-reader-text\">Nosotros<\/span><\/a><\/p>\n","protected":false},"author":1,"featured_media":0,"parent":0,"menu_order":0,"comment_status":"open","ping_status":"open","template":"","meta":[],"_links":{"self":[{"href":"https:\/\/www.bio-3.com\/index.php?rest_route=\/wp\/v2\/pages\/145"}],"collection":[{"href":"https:\/\/www.bio-3.com\/index.php?rest_route=\/wp\/v2\/pages"}],"about":[{"href":"https:\/\/www.bio-3.com\/index.php?rest_route=\/wp\/v2\/types\/page"}],"author":[{"embeddable":true,"href":"https:\/\/www.bio-3.com\/index.php?rest_route=\/wp\/v2\/users\/1"}],"replies":[{"embeddable":true,"href":"https:\/\/www.bio-3.com\/index.php?rest_route=%2Fwp%2Fv2%2Fcomments&post=145"}],"version-history":[{"count":6,"href":"https:\/\/www.bio-3.com\/index.php?rest_route=\/wp\/v2\/pages\/145\/revisions"}],"predecessor-version":[{"id":259,"href":"https:\/\/www.bio-3.com\/index.php?rest_route=\/wp\/v2\/pages\/145\/revisions\/259"}],"wp:attachment":[{"href":"https:\/\/www.bio-3.com\/index.php?rest_route=%2Fwp%2Fv2%2Fmedia&parent=145"}],"curies":[{"name":"wp","href":"https:\/\/api.w.org\/{rel}","templated":true}]}}